{"id":3226,"date":"2019-11-11T20:55:07","date_gmt":"2019-11-11T19:55:07","guid":{"rendered":"https:\/\/isamolina.com\/?page_id=3226"},"modified":"2024-07-06T10:54:12","modified_gmt":"2024-07-06T09:54:12","slug":"personal-book","status":"publish","type":"page","link":"https:\/\/isamolina.com\/en\/personal-book\/","title":{"rendered":"Personal book"},"content":{"rendered":"<div data-elementor-type=\"wp-page\" data-elementor-id=\"3226\" class=\"elementor elementor-3226\" data-elementor-post-type=\"page\">\n\t\t\t\t<div data-particle_enable=\"false\" data-particle-mobile-disabled=\"false\" class=\"elementor-element elementor-element-cbabe34 e-flex e-con-boxed e-con e-parent\" data-id=\"cbabe34\" data-element_type=\"container\" data-e-type=\"container\">\n\t\t\t\t\t<div class=\"e-con-inner\">\n\t\t\t\t<div class=\"elementor-element elementor-element-1ac7844 elementor-widget elementor-widget-heading\" data-id=\"1ac7844\" data-element_type=\"widget\" data-e-type=\"widget\" data-widget_type=\"heading.default\">\n\t\t\t\t<div class=\"elementor-widget-container\">\n\t\t\t\t\t<div class=\"elementor-heading-title elementor-size-default\">GALLERY<\/div>\t\t\t\t<\/div>\n\t\t\t\t<\/div>\n\t\t\t\t<div class=\"elementor-element elementor-element-7f41d55 elementor-widget__width-initial elementor-widget elementor-widget-heading\" data-id=\"7f41d55\" data-element_type=\"widget\" data-e-type=\"widget\" data-widget_type=\"heading.default\">\n\t\t\t\t<div class=\"elementor-widget-container\">\n\t\t\t\t\t<h1 class=\"elementor-heading-title elementor-size-default\">Personal book<\/h1>\t\t\t\t<\/div>\n\t\t\t\t<\/div>\n\t\t\t\t<div class=\"elementor-element elementor-element-e84b571 elementor-widget elementor-widget-text-editor\" data-id=\"e84b571\" data-element_type=\"widget\" data-e-type=\"widget\" data-widget_type=\"text-editor.default\">\n\t\t\t\t<div class=\"elementor-widget-container\">\n\t\t\t\t\t\t\t\t\t<p>My personal sessions are not just for models; they are designed for anyone who would like to have beautiful photos in a natural environment. I can guide you with the wardrobe and propose locations where you feel comfortable and can create artistic photos that you can identify with.<\/p>\t\t\t\t\t\t\t\t<\/div>\n\t\t\t\t<\/div>\n\t\t\t\t<div class=\"elementor-element elementor-element-12ee330 elementor-align-center elementor-widget elementor-widget-button\" data-id=\"12ee330\" data-element_type=\"widget\" data-e-type=\"widget\" data-widget_type=\"button.default\">\n\t\t\t\t<div class=\"elementor-widget-container\">\n\t\t\t\t\t\t\t\t\t<div class=\"elementor-button-wrapper\">\n\t\t\t\t\t<a class=\"elementor-button elementor-button-link elementor-size-sm\" href=\"https:\/\/isamolina.com\/en\/contact\/\">\n\t\t\t\t\t\t<span class=\"elementor-button-content-wrapper\">\n\t\t\t\t\t\t\t\t\t<span class=\"elementor-button-text\">Request rates<\/span>\n\t\t\t\t\t<\/span>\n\t\t\t\t\t<\/a>\n\t\t\t\t<\/div>\n\t\t\t\t\t\t\t\t<\/div>\n\t\t\t\t<\/div>\n\t\t\t\t\t<\/div>\n\t\t\t\t<\/div>\n\t\t<div data-particle_enable=\"false\" data-particle-mobile-disabled=\"false\" class=\"elementor-element elementor-element-6178818 e-flex e-con-boxed e-con e-parent\" data-id=\"6178818\" data-element_type=\"container\" data-e-type=\"container\">\n\t\t\t\t\t<div class=\"e-con-inner\">\n\t\t\t\t<div class=\"elementor-element elementor-element-2b652ff elementor-widget elementor-widget-gallery\" data-id=\"2b652ff\" data-element_type=\"widget\" data-e-type=\"widget\" data-settings=\"{&quot;gallery_layout&quot;:&quot;masonry&quot;,&quot;columns&quot;:3,&quot;lazyload&quot;:&quot;yes&quot;,&quot;columns_tablet&quot;:2,&quot;columns_mobile&quot;:1,&quot;gap&quot;:{&quot;unit&quot;:&quot;px&quot;,&quot;size&quot;:10,&quot;sizes&quot;:[]},&quot;gap_tablet&quot;:{&quot;unit&quot;:&quot;px&quot;,&quot;size&quot;:10,&quot;sizes&quot;:[]},&quot;gap_mobile&quot;:{&quot;unit&quot;:&quot;px&quot;,&quot;size&quot;:10,&quot;sizes&quot;:[]},&quot;link_to&quot;:&quot;file&quot;,&quot;content_hover_animation&quot;:&quot;fade-in&quot;}\" data-widget_type=\"gallery.default\">\n\t\t\t\t<div class=\"elementor-widget-container\">\n\t\t\t\t\t\t\t<div class=\"elementor-gallery__container\">\n\t\t\t\t\t\t\t<a class=\"e-gallery-item elementor-gallery-item elementor-animated-content\" href=\"https:\/\/isamolina.com\/wp-content\/uploads\/2019\/11\/book-personal-isamolina-1.jpg\" data-elementor-open-lightbox=\"yes\" data-elementor-lightbox-slideshow=\"2b652ff\" data-elementor-lightbox-title=\"book-personal-isamolina-1\" data-e-action-hash=\"#elementor-action%3Aaction%3Dlightbox%26settings%3DeyJpZCI6MzI2OCwidXJsIjoiaHR0cHM6XC9cL2lzYW1vbGluYS5jb21cL3dwLWNvbnRlbnRcL3VwbG9hZHNcLzIwMTlcLzExXC9ib29rLXBlcnNvbmFsLWlzYW1vbGluYS0xLmpwZyIsInNsaWRlc2hvdyI6IjJiNjUyZmYifQ%3D%3D\">\n\t\t\t\t\t<div class=\"e-gallery-image elementor-gallery-item__image\" data-thumbnail=\"https:\/\/isamolina.com\/wp-content\/uploads\/2019\/11\/book-personal-isamolina-1.jpg\" data-width=\"1400\" data-height=\"794\" aria-label=\"\" role=\"img\" ><\/div>\n\t\t\t\t\t\t\t\t\t\t\t\t\t\t<\/a>\n\t\t\t\t\t\t\t<a class=\"e-gallery-item elementor-gallery-item elementor-animated-content\" href=\"https:\/\/isamolina.com\/wp-content\/uploads\/2019\/11\/0028-reportaje-book-personal.jpg\" data-elementor-open-lightbox=\"yes\" data-elementor-lightbox-slideshow=\"2b652ff\" data-elementor-lightbox-title=\"0028-reportaje-book-personal\" data-e-action-hash=\"#elementor-action%3Aaction%3Dlightbox%26settings%3DeyJpZCI6MzI2MiwidXJsIjoiaHR0cHM6XC9cL2lzYW1vbGluYS5jb21cL3dwLWNvbnRlbnRcL3VwbG9hZHNcLzIwMTlcLzExXC8wMDI4LXJlcG9ydGFqZS1ib29rLXBlcnNvbmFsLmpwZyIsInNsaWRlc2hvdyI6IjJiNjUyZmYifQ%3D%3D\">\n\t\t\t\t\t<div class=\"e-gallery-image elementor-gallery-item__image\" data-thumbnail=\"https:\/\/isamolina.com\/wp-content\/uploads\/2019\/11\/0028-reportaje-book-personal.jpg\" data-width=\"800\" data-height=\"534\" aria-label=\"\" role=\"img\" ><\/div>\n\t\t\t\t\t\t\t\t\t\t\t\t\t\t<\/a>\n\t\t\t\t\t\t\t<a class=\"e-gallery-item elementor-gallery-item elementor-animated-content\" href=\"https:\/\/isamolina.com\/wp-content\/uploads\/2019\/11\/0026-reportaje-book-personal.jpg\" data-elementor-open-lightbox=\"yes\" data-elementor-lightbox-slideshow=\"2b652ff\" data-elementor-lightbox-title=\"0026-reportaje-book-personal\" data-e-action-hash=\"#elementor-action%3Aaction%3Dlightbox%26settings%3DeyJpZCI6MzI2MCwidXJsIjoiaHR0cHM6XC9cL2lzYW1vbGluYS5jb21cL3dwLWNvbnRlbnRcL3VwbG9hZHNcLzIwMTlcLzExXC8wMDI2LXJlcG9ydGFqZS1ib29rLXBlcnNvbmFsLmpwZyIsInNsaWRlc2hvdyI6IjJiNjUyZmYifQ%3D%3D\">\n\t\t\t\t\t<div class=\"e-gallery-image elementor-gallery-item__image\" data-thumbnail=\"https:\/\/isamolina.com\/wp-content\/uploads\/2019\/11\/0026-reportaje-book-personal.jpg\" data-width=\"534\" data-height=\"800\" aria-label=\"\" role=\"img\" ><\/div>\n\t\t\t\t\t\t\t\t\t\t\t\t\t\t<\/a>\n\t\t\t\t\t\t\t<a class=\"e-gallery-item elementor-gallery-item elementor-animated-content\" href=\"https:\/\/isamolina.com\/wp-content\/uploads\/2019\/11\/0024-reportaje-book-personal.jpg\" data-elementor-open-lightbox=\"yes\" data-elementor-lightbox-slideshow=\"2b652ff\" data-elementor-lightbox-title=\"0024-reportaje-book-personal\" data-e-action-hash=\"#elementor-action%3Aaction%3Dlightbox%26settings%3DeyJpZCI6MzI1MCwidXJsIjoiaHR0cHM6XC9cL2lzYW1vbGluYS5jb21cL3dwLWNvbnRlbnRcL3VwbG9hZHNcLzIwMTlcLzExXC8wMDI0LXJlcG9ydGFqZS1ib29rLXBlcnNvbmFsLmpwZyIsInNsaWRlc2hvdyI6IjJiNjUyZmYifQ%3D%3D\">\n\t\t\t\t\t<div class=\"e-gallery-image elementor-gallery-item__image\" data-thumbnail=\"https:\/\/isamolina.com\/wp-content\/uploads\/2019\/11\/0024-reportaje-book-personal.jpg\" data-width=\"730\" data-height=\"487\" aria-label=\"\" role=\"img\" ><\/div>\n\t\t\t\t\t\t\t\t\t\t\t\t\t\t<\/a>\n\t\t\t\t\t\t\t<a class=\"e-gallery-item elementor-gallery-item elementor-animated-content\" href=\"https:\/\/isamolina.com\/wp-content\/uploads\/2019\/11\/0023-reportaje-book-personal.jpg\" data-elementor-open-lightbox=\"yes\" data-elementor-lightbox-slideshow=\"2b652ff\" data-elementor-lightbox-title=\"0023-reportaje-book-personal\" data-e-action-hash=\"#elementor-action%3Aaction%3Dlightbox%26settings%3DeyJpZCI6MzI0OSwidXJsIjoiaHR0cHM6XC9cL2lzYW1vbGluYS5jb21cL3dwLWNvbnRlbnRcL3VwbG9hZHNcLzIwMTlcLzExXC8wMDIzLXJlcG9ydGFqZS1ib29rLXBlcnNvbmFsLmpwZyIsInNsaWRlc2hvdyI6IjJiNjUyZmYifQ%3D%3D\">\n\t\t\t\t\t<div class=\"e-gallery-image elementor-gallery-item__image\" data-thumbnail=\"https:\/\/isamolina.com\/wp-content\/uploads\/2019\/11\/0023-reportaje-book-personal.jpg\" data-width=\"730\" data-height=\"487\" aria-label=\"\" role=\"img\" ><\/div>\n\t\t\t\t\t\t\t\t\t\t\t\t\t\t<\/a>\n\t\t\t\t\t\t\t<a class=\"e-gallery-item elementor-gallery-item elementor-animated-content\" href=\"https:\/\/isamolina.com\/wp-content\/uploads\/2019\/11\/0022-reportaje-book-personal.jpg\" data-elementor-open-lightbox=\"yes\" data-elementor-lightbox-slideshow=\"2b652ff\" data-elementor-lightbox-title=\"0022-reportaje-book-personal\" data-e-action-hash=\"#elementor-action%3Aaction%3Dlightbox%26settings%3DeyJpZCI6MzI0OCwidXJsIjoiaHR0cHM6XC9cL2lzYW1vbGluYS5jb21cL3dwLWNvbnRlbnRcL3VwbG9hZHNcLzIwMTlcLzExXC8wMDIyLXJlcG9ydGFqZS1ib29rLXBlcnNvbmFsLmpwZyIsInNsaWRlc2hvdyI6IjJiNjUyZmYifQ%3D%3D\">\n\t\t\t\t\t<div class=\"e-gallery-image elementor-gallery-item__image\" data-thumbnail=\"https:\/\/isamolina.com\/wp-content\/uploads\/2019\/11\/0022-reportaje-book-personal.jpg\" data-width=\"730\" data-height=\"487\" aria-label=\"\" role=\"img\" ><\/div>\n\t\t\t\t\t\t\t\t\t\t\t\t\t\t<\/a>\n\t\t\t\t\t\t\t<a class=\"e-gallery-item elementor-gallery-item elementor-animated-content\" href=\"https:\/\/isamolina.com\/wp-content\/uploads\/2019\/11\/0021-reportaje-book-personal.jpg\" data-elementor-open-lightbox=\"yes\" data-elementor-lightbox-slideshow=\"2b652ff\" data-elementor-lightbox-title=\"0021-reportaje-book-personal\" data-e-action-hash=\"#elementor-action%3Aaction%3Dlightbox%26settings%3DeyJpZCI6MzI0NywidXJsIjoiaHR0cHM6XC9cL2lzYW1vbGluYS5jb21cL3dwLWNvbnRlbnRcL3VwbG9hZHNcLzIwMTlcLzExXC8wMDIxLXJlcG9ydGFqZS1ib29rLXBlcnNvbmFsLmpwZyIsInNsaWRlc2hvdyI6IjJiNjUyZmYifQ%3D%3D\">\n\t\t\t\t\t<div class=\"e-gallery-image elementor-gallery-item__image\" data-thumbnail=\"https:\/\/isamolina.com\/wp-content\/uploads\/2019\/11\/0021-reportaje-book-personal.jpg\" data-width=\"730\" data-height=\"487\" aria-label=\"\" role=\"img\" ><\/div>\n\t\t\t\t\t\t\t\t\t\t\t\t\t\t<\/a>\n\t\t\t\t\t\t\t<a class=\"e-gallery-item elementor-gallery-item elementor-animated-content\" href=\"https:\/\/isamolina.com\/wp-content\/uploads\/2019\/11\/0020-reportaje-book-personal.jpg\" data-elementor-open-lightbox=\"yes\" data-elementor-lightbox-slideshow=\"2b652ff\" data-elementor-lightbox-title=\"0020-reportaje-book-personal\" data-e-action-hash=\"#elementor-action%3Aaction%3Dlightbox%26settings%3DeyJpZCI6MzI0NiwidXJsIjoiaHR0cHM6XC9cL2lzYW1vbGluYS5jb21cL3dwLWNvbnRlbnRcL3VwbG9hZHNcLzIwMTlcLzExXC8wMDIwLXJlcG9ydGFqZS1ib29rLXBlcnNvbmFsLmpwZyIsInNsaWRlc2hvdyI6IjJiNjUyZmYifQ%3D%3D\">\n\t\t\t\t\t<div class=\"e-gallery-image elementor-gallery-item__image\" data-thumbnail=\"https:\/\/isamolina.com\/wp-content\/uploads\/2019\/11\/0020-reportaje-book-personal.jpg\" data-width=\"730\" data-height=\"487\" aria-label=\"\" role=\"img\" ><\/div>\n\t\t\t\t\t\t\t\t\t\t\t\t\t\t<\/a>\n\t\t\t\t\t\t\t<a class=\"e-gallery-item elementor-gallery-item elementor-animated-content\" href=\"https:\/\/isamolina.com\/wp-content\/uploads\/2019\/11\/0019-reportaje-book-personal.jpg\" data-elementor-open-lightbox=\"yes\" data-elementor-lightbox-slideshow=\"2b652ff\" data-elementor-lightbox-title=\"0019-reportaje-book-personal\" data-e-action-hash=\"#elementor-action%3Aaction%3Dlightbox%26settings%3DeyJpZCI6MzI0NSwidXJsIjoiaHR0cHM6XC9cL2lzYW1vbGluYS5jb21cL3dwLWNvbnRlbnRcL3VwbG9hZHNcLzIwMTlcLzExXC8wMDE5LXJlcG9ydGFqZS1ib29rLXBlcnNvbmFsLmpwZyIsInNsaWRlc2hvdyI6IjJiNjUyZmYifQ%3D%3D\">\n\t\t\t\t\t<div class=\"e-gallery-image elementor-gallery-item__image\" data-thumbnail=\"https:\/\/isamolina.com\/wp-content\/uploads\/2019\/11\/0019-reportaje-book-personal.jpg\" data-width=\"731\" data-height=\"485\" aria-label=\"\" role=\"img\" ><\/div>\n\t\t\t\t\t\t\t\t\t\t\t\t\t\t<\/a>\n\t\t\t\t\t\t\t<a class=\"e-gallery-item elementor-gallery-item elementor-animated-content\" href=\"https:\/\/isamolina.com\/wp-content\/uploads\/2019\/11\/0018-reportaje-book-personal.jpg\" data-elementor-open-lightbox=\"yes\" data-elementor-lightbox-slideshow=\"2b652ff\" data-elementor-lightbox-title=\"0018-reportaje-book-personal\" data-e-action-hash=\"#elementor-action%3Aaction%3Dlightbox%26settings%3DeyJpZCI6MzI0NCwidXJsIjoiaHR0cHM6XC9cL2lzYW1vbGluYS5jb21cL3dwLWNvbnRlbnRcL3VwbG9hZHNcLzIwMTlcLzExXC8wMDE4LXJlcG9ydGFqZS1ib29rLXBlcnNvbmFsLmpwZyIsInNsaWRlc2hvdyI6IjJiNjUyZmYifQ%3D%3D\">\n\t\t\t\t\t<div class=\"e-gallery-image elementor-gallery-item__image\" data-thumbnail=\"https:\/\/isamolina.com\/wp-content\/uploads\/2019\/11\/0018-reportaje-book-personal.jpg\" data-width=\"731\" data-height=\"485\" aria-label=\"\" role=\"img\" ><\/div>\n\t\t\t\t\t\t\t\t\t\t\t\t\t\t<\/a>\n\t\t\t\t\t\t\t<a class=\"e-gallery-item elementor-gallery-item elementor-animated-content\" href=\"https:\/\/isamolina.com\/wp-content\/uploads\/2019\/11\/0017-reportaje-book-personal.jpg\" data-elementor-open-lightbox=\"yes\" data-elementor-lightbox-slideshow=\"2b652ff\" data-elementor-lightbox-title=\"0017-reportaje-book-personal\" data-e-action-hash=\"#elementor-action%3Aaction%3Dlightbox%26settings%3DeyJpZCI6MzI0MywidXJsIjoiaHR0cHM6XC9cL2lzYW1vbGluYS5jb21cL3dwLWNvbnRlbnRcL3VwbG9hZHNcLzIwMTlcLzExXC8wMDE3LXJlcG9ydGFqZS1ib29rLXBlcnNvbmFsLmpwZyIsInNsaWRlc2hvdyI6IjJiNjUyZmYifQ%3D%3D\">\n\t\t\t\t\t<div class=\"e-gallery-image elementor-gallery-item__image\" data-thumbnail=\"https:\/\/isamolina.com\/wp-content\/uploads\/2019\/11\/0017-reportaje-book-personal.jpg\" data-width=\"731\" data-height=\"485\" aria-label=\"\" role=\"img\" ><\/div>\n\t\t\t\t\t\t\t\t\t\t\t\t\t\t<\/a>\n\t\t\t\t\t\t\t<a class=\"e-gallery-item elementor-gallery-item elementor-animated-content\" href=\"https:\/\/isamolina.com\/wp-content\/uploads\/2019\/11\/0016-reportaje-book-personal.jpg\" data-elementor-open-lightbox=\"yes\" data-elementor-lightbox-slideshow=\"2b652ff\" data-elementor-lightbox-title=\"0016-reportaje-book-personal\" data-e-action-hash=\"#elementor-action%3Aaction%3Dlightbox%26settings%3DeyJpZCI6MzI0MiwidXJsIjoiaHR0cHM6XC9cL2lzYW1vbGluYS5jb21cL3dwLWNvbnRlbnRcL3VwbG9hZHNcLzIwMTlcLzExXC8wMDE2LXJlcG9ydGFqZS1ib29rLXBlcnNvbmFsLmpwZyIsInNsaWRlc2hvdyI6IjJiNjUyZmYifQ%3D%3D\">\n\t\t\t\t\t<div class=\"e-gallery-image elementor-gallery-item__image\" data-thumbnail=\"https:\/\/isamolina.com\/wp-content\/uploads\/2019\/11\/0016-reportaje-book-personal.jpg\" data-width=\"731\" data-height=\"485\" aria-label=\"\" role=\"img\" ><\/div>\n\t\t\t\t\t\t\t\t\t\t\t\t\t\t<\/a>\n\t\t\t\t\t\t\t<a class=\"e-gallery-item elementor-gallery-item elementor-animated-content\" href=\"https:\/\/isamolina.com\/wp-content\/uploads\/2019\/11\/0015-reportaje-book-personal.jpg\" data-elementor-open-lightbox=\"yes\" data-elementor-lightbox-slideshow=\"2b652ff\" data-elementor-lightbox-title=\"0015-reportaje-book-personal\" data-e-action-hash=\"#elementor-action%3Aaction%3Dlightbox%26settings%3DeyJpZCI6MzI0MSwidXJsIjoiaHR0cHM6XC9cL2lzYW1vbGluYS5jb21cL3dwLWNvbnRlbnRcL3VwbG9hZHNcLzIwMTlcLzExXC8wMDE1LXJlcG9ydGFqZS1ib29rLXBlcnNvbmFsLmpwZyIsInNsaWRlc2hvdyI6IjJiNjUyZmYifQ%3D%3D\">\n\t\t\t\t\t<div class=\"e-gallery-image elementor-gallery-item__image\" data-thumbnail=\"https:\/\/isamolina.com\/wp-content\/uploads\/2019\/11\/0015-reportaje-book-personal.jpg\" data-width=\"731\" data-height=\"485\" aria-label=\"\" role=\"img\" ><\/div>\n\t\t\t\t\t\t\t\t\t\t\t\t\t\t<\/a>\n\t\t\t\t\t\t\t<a class=\"e-gallery-item elementor-gallery-item elementor-animated-content\" href=\"https:\/\/isamolina.com\/wp-content\/uploads\/2019\/11\/0014-reportaje-book-personal.jpg\" data-elementor-open-lightbox=\"yes\" data-elementor-lightbox-slideshow=\"2b652ff\" data-elementor-lightbox-title=\"0014-reportaje-book-personal\" data-e-action-hash=\"#elementor-action%3Aaction%3Dlightbox%26settings%3DeyJpZCI6MzI0MCwidXJsIjoiaHR0cHM6XC9cL2lzYW1vbGluYS5jb21cL3dwLWNvbnRlbnRcL3VwbG9hZHNcLzIwMTlcLzExXC8wMDE0LXJlcG9ydGFqZS1ib29rLXBlcnNvbmFsLmpwZyIsInNsaWRlc2hvdyI6IjJiNjUyZmYifQ%3D%3D\">\n\t\t\t\t\t<div class=\"e-gallery-image elementor-gallery-item__image\" data-thumbnail=\"https:\/\/isamolina.com\/wp-content\/uploads\/2019\/11\/0014-reportaje-book-personal.jpg\" data-width=\"731\" data-height=\"485\" aria-label=\"\" role=\"img\" ><\/div>\n\t\t\t\t\t\t\t\t\t\t\t\t\t\t<\/a>\n\t\t\t\t\t<\/div>\n\t\t\t\t\t<\/div>\n\t\t\t\t<\/div>\n\t\t\t\t\t<\/div>\n\t\t\t\t<\/div>\n\t\t\t\t<\/div>","protected":false},"excerpt":{"rendered":"<p>GALER\u00cdA Book personal Mis sesiones personales no est\u00e1n enfocadas solo a modelos; est\u00e1n pensadas pero cualquier tipo de persona que le apetezca tener una fotos bonitas en un entorno natural. Yo te puedo guiar con el vestuario y proponerte localizaciones donde te sientas c\u00f3moda\/o y poder crear una fotos art\u00edsticas con las que te sientas [&hellip;]<\/p>\n","protected":false},"author":1,"featured_media":3268,"parent":0,"menu_order":0,"comment_status":"closed","ping_status":"closed","template":"elementor_header_footer","meta":{"iawp_total_views":1,"footnotes":""},"class_list":["post-3226","page","type-page","status-publish","has-post-thumbnail","hentry"],"_links":{"self":[{"href":"https:\/\/isamolina.com\/en\/wp-json\/wp\/v2\/pages\/3226","targetHints":{"allow":["GET"]}}],"collection":[{"href":"https:\/\/isamolina.com\/en\/wp-json\/wp\/v2\/pages"}],"about":[{"href":"https:\/\/isamolina.com\/en\/wp-json\/wp\/v2\/types\/page"}],"author":[{"embeddable":true,"href":"https:\/\/isamolina.com\/en\/wp-json\/wp\/v2\/users\/1"}],"replies":[{"embeddable":true,"href":"https:\/\/isamolina.com\/en\/wp-json\/wp\/v2\/comments?post=3226"}],"version-history":[{"count":0,"href":"https:\/\/isamolina.com\/en\/wp-json\/wp\/v2\/pages\/3226\/revisions"}],"wp:featuredmedia":[{"embeddable":true,"href":"https:\/\/isamolina.com\/en\/wp-json\/wp\/v2\/media\/3268"}],"wp:attachment":[{"href":"https:\/\/isamolina.com\/en\/wp-json\/wp\/v2\/media?parent=3226"}],"curies":[{"name":"wp","href":"https:\/\/api.w.org\/{rel}","templated":true}]}}