{"id":3550,"date":"2019-11-11T19:10:58","date_gmt":"2019-11-11T18:10:58","guid":{"rendered":"https:\/\/isamolina.com\/?page_id=3550"},"modified":"2024-07-06T16:23:48","modified_gmt":"2024-07-06T15:23:48","slug":"hen-party","status":"publish","type":"page","link":"https:\/\/isamolina.com\/en\/hen-party\/","title":{"rendered":"Bachelorette party"},"content":{"rendered":"<div data-elementor-type=\"wp-page\" data-elementor-id=\"3550\" class=\"elementor elementor-3550\" data-elementor-post-type=\"page\">\n\t\t\t\t<div data-particle_enable=\"false\" data-particle-mobile-disabled=\"false\" class=\"elementor-element elementor-element-0c524df e-flex e-con-boxed e-con e-parent\" data-id=\"0c524df\" data-element_type=\"container\" data-e-type=\"container\">\n\t\t\t\t\t<div class=\"e-con-inner\">\n\t\t\t\t<div class=\"elementor-element elementor-element-078c493 elementor-widget elementor-widget-heading\" data-id=\"078c493\" data-element_type=\"widget\" data-e-type=\"widget\" data-widget_type=\"heading.default\">\n\t\t\t\t<div class=\"elementor-widget-container\">\n\t\t\t\t\t<div class=\"elementor-heading-title elementor-size-default\">GALLERY<\/div>\t\t\t\t<\/div>\n\t\t\t\t<\/div>\n\t\t\t\t<div class=\"elementor-element elementor-element-73dadcb elementor-widget__width-initial elementor-widget elementor-widget-heading\" data-id=\"73dadcb\" data-element_type=\"widget\" data-e-type=\"widget\" data-widget_type=\"heading.default\">\n\t\t\t\t<div class=\"elementor-widget-container\">\n\t\t\t\t\t<h1 class=\"elementor-heading-title elementor-size-default\">Bachelorette parties<\/h1>\t\t\t\t<\/div>\n\t\t\t\t<\/div>\n\t\t\t\t<div class=\"elementor-element elementor-element-7c93861 elementor-widget elementor-widget-text-editor\" data-id=\"7c93861\" data-element_type=\"widget\" data-e-type=\"widget\" data-widget_type=\"text-editor.default\">\n\t\t\t\t<div class=\"elementor-widget-container\">\n\t\t\t\t\t\t\t\t\t<p>There are many surprises you can do for a friend on her hen party but I assure you that a photo session with her friends will be something she will never forget and will be the best memory of that day or that special weekend.<\/p>\t\t\t\t\t\t\t\t<\/div>\n\t\t\t\t<\/div>\n\t\t\t\t<div class=\"elementor-element elementor-element-45dbd09 elementor-align-center elementor-widget elementor-widget-button\" data-id=\"45dbd09\" data-element_type=\"widget\" data-e-type=\"widget\" data-widget_type=\"button.default\">\n\t\t\t\t<div class=\"elementor-widget-container\">\n\t\t\t\t\t\t\t\t\t<div class=\"elementor-button-wrapper\">\n\t\t\t\t\t<a class=\"elementor-button elementor-button-link elementor-size-sm\" href=\"https:\/\/isamolina.com\/en\/contact\/\">\n\t\t\t\t\t\t<span class=\"elementor-button-content-wrapper\">\n\t\t\t\t\t\t\t\t\t<span class=\"elementor-button-text\">Request rates<\/span>\n\t\t\t\t\t<\/span>\n\t\t\t\t\t<\/a>\n\t\t\t\t<\/div>\n\t\t\t\t\t\t\t\t<\/div>\n\t\t\t\t<\/div>\n\t\t\t\t\t<\/div>\n\t\t\t\t<\/div>\n\t\t<div data-particle_enable=\"false\" data-particle-mobile-disabled=\"false\" class=\"elementor-element elementor-element-2c9098d e-flex e-con-boxed e-con e-parent\" data-id=\"2c9098d\" data-element_type=\"container\" data-e-type=\"container\">\n\t\t\t\t\t<div class=\"e-con-inner\">\n\t\t\t\t<div class=\"elementor-element elementor-element-bcffa92 elementor-widget elementor-widget-gallery\" data-id=\"bcffa92\" data-element_type=\"widget\" data-e-type=\"widget\" data-settings=\"{&quot;gallery_layout&quot;:&quot;masonry&quot;,&quot;columns&quot;:3,&quot;lazyload&quot;:&quot;yes&quot;,&quot;columns_tablet&quot;:2,&quot;columns_mobile&quot;:1,&quot;gap&quot;:{&quot;unit&quot;:&quot;px&quot;,&quot;size&quot;:10,&quot;sizes&quot;:[]},&quot;gap_tablet&quot;:{&quot;unit&quot;:&quot;px&quot;,&quot;size&quot;:10,&quot;sizes&quot;:[]},&quot;gap_mobile&quot;:{&quot;unit&quot;:&quot;px&quot;,&quot;size&quot;:10,&quot;sizes&quot;:[]},&quot;link_to&quot;:&quot;file&quot;,&quot;content_hover_animation&quot;:&quot;fade-in&quot;}\" data-widget_type=\"gallery.default\">\n\t\t\t\t<div class=\"elementor-widget-container\">\n\t\t\t\t\t\t\t<div class=\"elementor-gallery__container\">\n\t\t\t\t\t\t\t<a class=\"e-gallery-item elementor-gallery-item elementor-animated-content\" href=\"https:\/\/isamolina.com\/wp-content\/uploads\/2019\/11\/035_fotografo_granada_despedida_soltera.jpg\" data-elementor-open-lightbox=\"yes\" data-elementor-lightbox-slideshow=\"bcffa92\" data-elementor-lightbox-title=\"035_fotografo_granada_despedida_soltera\" data-e-action-hash=\"#elementor-action%3Aaction%3Dlightbox%26settings%3DeyJpZCI6MzU3NSwidXJsIjoiaHR0cHM6XC9cL2lzYW1vbGluYS5jb21cL3dwLWNvbnRlbnRcL3VwbG9hZHNcLzIwMTlcLzExXC8wMzVfZm90b2dyYWZvX2dyYW5hZGFfZGVzcGVkaWRhX3NvbHRlcmEuanBnIiwic2xpZGVzaG93IjoiYmNmZmE5MiJ9\">\n\t\t\t\t\t<div class=\"e-gallery-image elementor-gallery-item__image\" data-thumbnail=\"https:\/\/isamolina.com\/wp-content\/uploads\/2019\/11\/035_fotografo_granada_despedida_soltera.jpg\" data-width=\"730\" data-height=\"485\" aria-label=\"\" role=\"img\" ><\/div>\n\t\t\t\t\t\t\t\t\t\t\t\t\t\t<\/a>\n\t\t\t\t\t\t\t<a class=\"e-gallery-item elementor-gallery-item elementor-animated-content\" href=\"https:\/\/isamolina.com\/wp-content\/uploads\/2019\/11\/0019-reportaje-despedida-soltera.jpg\" data-elementor-open-lightbox=\"yes\" data-elementor-lightbox-slideshow=\"bcffa92\" data-elementor-lightbox-title=\"0019-reportaje-despedida-soltera\" data-e-action-hash=\"#elementor-action%3Aaction%3Dlightbox%26settings%3DeyJpZCI6MzU3MSwidXJsIjoiaHR0cHM6XC9cL2lzYW1vbGluYS5jb21cL3dwLWNvbnRlbnRcL3VwbG9hZHNcLzIwMTlcLzExXC8wMDE5LXJlcG9ydGFqZS1kZXNwZWRpZGEtc29sdGVyYS5qcGciLCJzbGlkZXNob3ciOiJiY2ZmYTkyIn0%3D\">\n\t\t\t\t\t<div class=\"e-gallery-image elementor-gallery-item__image\" data-thumbnail=\"https:\/\/isamolina.com\/wp-content\/uploads\/2019\/11\/0019-reportaje-despedida-soltera.jpg\" data-width=\"730\" data-height=\"485\" aria-label=\"\" role=\"img\" ><\/div>\n\t\t\t\t\t\t\t\t\t\t\t\t\t\t<\/a>\n\t\t\t\t\t\t\t<a class=\"e-gallery-item elementor-gallery-item elementor-animated-content\" href=\"https:\/\/isamolina.com\/wp-content\/uploads\/2019\/11\/0018-reportaje-despedida-soltera.jpg\" data-elementor-open-lightbox=\"yes\" data-elementor-lightbox-slideshow=\"bcffa92\" data-elementor-lightbox-title=\"0018-reportaje-despedida-soltera\" data-e-action-hash=\"#elementor-action%3Aaction%3Dlightbox%26settings%3DeyJpZCI6MzU3MCwidXJsIjoiaHR0cHM6XC9cL2lzYW1vbGluYS5jb21cL3dwLWNvbnRlbnRcL3VwbG9hZHNcLzIwMTlcLzExXC8wMDE4LXJlcG9ydGFqZS1kZXNwZWRpZGEtc29sdGVyYS5qcGciLCJzbGlkZXNob3ciOiJiY2ZmYTkyIn0%3D\">\n\t\t\t\t\t<div class=\"e-gallery-image elementor-gallery-item__image\" data-thumbnail=\"https:\/\/isamolina.com\/wp-content\/uploads\/2019\/11\/0018-reportaje-despedida-soltera.jpg\" data-width=\"730\" data-height=\"485\" aria-label=\"\" role=\"img\" ><\/div>\n\t\t\t\t\t\t\t\t\t\t\t\t\t\t<\/a>\n\t\t\t\t\t\t\t<a class=\"e-gallery-item elementor-gallery-item elementor-animated-content\" href=\"https:\/\/isamolina.com\/wp-content\/uploads\/2019\/11\/0017-reportaje-despedida-soltera.jpg\" data-elementor-open-lightbox=\"yes\" data-elementor-lightbox-slideshow=\"bcffa92\" data-elementor-lightbox-title=\"0017-reportaje-despedida-soltera\" data-e-action-hash=\"#elementor-action%3Aaction%3Dlightbox%26settings%3DeyJpZCI6MzU2OSwidXJsIjoiaHR0cHM6XC9cL2lzYW1vbGluYS5jb21cL3dwLWNvbnRlbnRcL3VwbG9hZHNcLzIwMTlcLzExXC8wMDE3LXJlcG9ydGFqZS1kZXNwZWRpZGEtc29sdGVyYS5qcGciLCJzbGlkZXNob3ciOiJiY2ZmYTkyIn0%3D\">\n\t\t\t\t\t<div class=\"e-gallery-image elementor-gallery-item__image\" data-thumbnail=\"https:\/\/isamolina.com\/wp-content\/uploads\/2019\/11\/0017-reportaje-despedida-soltera.jpg\" data-width=\"730\" data-height=\"485\" aria-label=\"\" role=\"img\" ><\/div>\n\t\t\t\t\t\t\t\t\t\t\t\t\t\t<\/a>\n\t\t\t\t\t\t\t<a class=\"e-gallery-item elementor-gallery-item elementor-animated-content\" href=\"https:\/\/isamolina.com\/wp-content\/uploads\/2019\/11\/0016-reportaje-despedida-soltera.jpg\" data-elementor-open-lightbox=\"yes\" data-elementor-lightbox-slideshow=\"bcffa92\" data-elementor-lightbox-title=\"0016-reportaje-despedida-soltera\" data-e-action-hash=\"#elementor-action%3Aaction%3Dlightbox%26settings%3DeyJpZCI6MzU2OCwidXJsIjoiaHR0cHM6XC9cL2lzYW1vbGluYS5jb21cL3dwLWNvbnRlbnRcL3VwbG9hZHNcLzIwMTlcLzExXC8wMDE2LXJlcG9ydGFqZS1kZXNwZWRpZGEtc29sdGVyYS5qcGciLCJzbGlkZXNob3ciOiJiY2ZmYTkyIn0%3D\">\n\t\t\t\t\t<div class=\"e-gallery-image elementor-gallery-item__image\" data-thumbnail=\"https:\/\/isamolina.com\/wp-content\/uploads\/2019\/11\/0016-reportaje-despedida-soltera.jpg\" data-width=\"730\" data-height=\"485\" aria-label=\"\" role=\"img\" ><\/div>\n\t\t\t\t\t\t\t\t\t\t\t\t\t\t<\/a>\n\t\t\t\t\t\t\t<a class=\"e-gallery-item elementor-gallery-item elementor-animated-content\" href=\"https:\/\/isamolina.com\/wp-content\/uploads\/2019\/11\/0015-reportaje-despedida-soltera.jpg\" data-elementor-open-lightbox=\"yes\" data-elementor-lightbox-slideshow=\"bcffa92\" data-elementor-lightbox-title=\"0015-reportaje-despedida-soltera\" data-e-action-hash=\"#elementor-action%3Aaction%3Dlightbox%26settings%3DeyJpZCI6MzU2NywidXJsIjoiaHR0cHM6XC9cL2lzYW1vbGluYS5jb21cL3dwLWNvbnRlbnRcL3VwbG9hZHNcLzIwMTlcLzExXC8wMDE1LXJlcG9ydGFqZS1kZXNwZWRpZGEtc29sdGVyYS5qcGciLCJzbGlkZXNob3ciOiJiY2ZmYTkyIn0%3D\">\n\t\t\t\t\t<div class=\"e-gallery-image elementor-gallery-item__image\" data-thumbnail=\"https:\/\/isamolina.com\/wp-content\/uploads\/2019\/11\/0015-reportaje-despedida-soltera.jpg\" data-width=\"730\" data-height=\"485\" aria-label=\"\" role=\"img\" ><\/div>\n\t\t\t\t\t\t\t\t\t\t\t\t\t\t<\/a>\n\t\t\t\t\t\t\t<a class=\"e-gallery-item elementor-gallery-item elementor-animated-content\" href=\"https:\/\/isamolina.com\/wp-content\/uploads\/2019\/11\/0014-reportaje-despedida-soltera.jpg\" data-elementor-open-lightbox=\"yes\" data-elementor-lightbox-slideshow=\"bcffa92\" data-elementor-lightbox-title=\"0014-reportaje-despedida-soltera\" data-e-action-hash=\"#elementor-action%3Aaction%3Dlightbox%26settings%3DeyJpZCI6MzU2NiwidXJsIjoiaHR0cHM6XC9cL2lzYW1vbGluYS5jb21cL3dwLWNvbnRlbnRcL3VwbG9hZHNcLzIwMTlcLzExXC8wMDE0LXJlcG9ydGFqZS1kZXNwZWRpZGEtc29sdGVyYS5qcGciLCJzbGlkZXNob3ciOiJiY2ZmYTkyIn0%3D\">\n\t\t\t\t\t<div class=\"e-gallery-image elementor-gallery-item__image\" data-thumbnail=\"https:\/\/isamolina.com\/wp-content\/uploads\/2019\/11\/0014-reportaje-despedida-soltera.jpg\" data-width=\"730\" data-height=\"485\" aria-label=\"\" role=\"img\" ><\/div>\n\t\t\t\t\t\t\t\t\t\t\t\t\t\t<\/a>\n\t\t\t\t\t\t\t<a class=\"e-gallery-item elementor-gallery-item elementor-animated-content\" href=\"https:\/\/isamolina.com\/wp-content\/uploads\/2019\/11\/0013-reportaje-despedida-soltera.jpg\" data-elementor-open-lightbox=\"yes\" data-elementor-lightbox-slideshow=\"bcffa92\" data-elementor-lightbox-title=\"0013-reportaje-despedida-soltera\" data-e-action-hash=\"#elementor-action%3Aaction%3Dlightbox%26settings%3DeyJpZCI6MzU2NSwidXJsIjoiaHR0cHM6XC9cL2lzYW1vbGluYS5jb21cL3dwLWNvbnRlbnRcL3VwbG9hZHNcLzIwMTlcLzExXC8wMDEzLXJlcG9ydGFqZS1kZXNwZWRpZGEtc29sdGVyYS5qcGciLCJzbGlkZXNob3ciOiJiY2ZmYTkyIn0%3D\">\n\t\t\t\t\t<div class=\"e-gallery-image elementor-gallery-item__image\" data-thumbnail=\"https:\/\/isamolina.com\/wp-content\/uploads\/2019\/11\/0013-reportaje-despedida-soltera.jpg\" data-width=\"730\" data-height=\"485\" aria-label=\"\" role=\"img\" ><\/div>\n\t\t\t\t\t\t\t\t\t\t\t\t\t\t<\/a>\n\t\t\t\t\t\t\t<a class=\"e-gallery-item elementor-gallery-item elementor-animated-content\" href=\"https:\/\/isamolina.com\/wp-content\/uploads\/2019\/11\/0012-reportaje-despedida-soltera.jpg\" data-elementor-open-lightbox=\"yes\" data-elementor-lightbox-slideshow=\"bcffa92\" data-elementor-lightbox-title=\"0012-reportaje-despedida-soltera\" data-e-action-hash=\"#elementor-action%3Aaction%3Dlightbox%26settings%3DeyJpZCI6MzU2NCwidXJsIjoiaHR0cHM6XC9cL2lzYW1vbGluYS5jb21cL3dwLWNvbnRlbnRcL3VwbG9hZHNcLzIwMTlcLzExXC8wMDEyLXJlcG9ydGFqZS1kZXNwZWRpZGEtc29sdGVyYS5qcGciLCJzbGlkZXNob3ciOiJiY2ZmYTkyIn0%3D\">\n\t\t\t\t\t<div class=\"e-gallery-image elementor-gallery-item__image\" data-thumbnail=\"https:\/\/isamolina.com\/wp-content\/uploads\/2019\/11\/0012-reportaje-despedida-soltera.jpg\" data-width=\"730\" data-height=\"485\" aria-label=\"\" role=\"img\" ><\/div>\n\t\t\t\t\t\t\t\t\t\t\t\t\t\t<\/a>\n\t\t\t\t\t\t\t<a class=\"e-gallery-item elementor-gallery-item elementor-animated-content\" href=\"https:\/\/isamolina.com\/wp-content\/uploads\/2019\/11\/0011-reportaje-despedida-soltera.jpg\" data-elementor-open-lightbox=\"yes\" data-elementor-lightbox-slideshow=\"bcffa92\" data-elementor-lightbox-title=\"0011-reportaje-despedida-soltera\" data-e-action-hash=\"#elementor-action%3Aaction%3Dlightbox%26settings%3DeyJpZCI6MzU2MywidXJsIjoiaHR0cHM6XC9cL2lzYW1vbGluYS5jb21cL3dwLWNvbnRlbnRcL3VwbG9hZHNcLzIwMTlcLzExXC8wMDExLXJlcG9ydGFqZS1kZXNwZWRpZGEtc29sdGVyYS5qcGciLCJzbGlkZXNob3ciOiJiY2ZmYTkyIn0%3D\">\n\t\t\t\t\t<div class=\"e-gallery-image elementor-gallery-item__image\" data-thumbnail=\"https:\/\/isamolina.com\/wp-content\/uploads\/2019\/11\/0011-reportaje-despedida-soltera.jpg\" data-width=\"730\" data-height=\"485\" aria-label=\"\" role=\"img\" ><\/div>\n\t\t\t\t\t\t\t\t\t\t\t\t\t\t<\/a>\n\t\t\t\t\t\t\t<a class=\"e-gallery-item elementor-gallery-item elementor-animated-content\" href=\"https:\/\/isamolina.com\/wp-content\/uploads\/2019\/11\/0010-reportaje-despedida-soltera.jpg\" data-elementor-open-lightbox=\"yes\" data-elementor-lightbox-slideshow=\"bcffa92\" data-elementor-lightbox-title=\"0010-reportaje-despedida-soltera\" data-e-action-hash=\"#elementor-action%3Aaction%3Dlightbox%26settings%3DeyJpZCI6MzU2MiwidXJsIjoiaHR0cHM6XC9cL2lzYW1vbGluYS5jb21cL3dwLWNvbnRlbnRcL3VwbG9hZHNcLzIwMTlcLzExXC8wMDEwLXJlcG9ydGFqZS1kZXNwZWRpZGEtc29sdGVyYS5qcGciLCJzbGlkZXNob3ciOiJiY2ZmYTkyIn0%3D\">\n\t\t\t\t\t<div class=\"e-gallery-image elementor-gallery-item__image\" data-thumbnail=\"https:\/\/isamolina.com\/wp-content\/uploads\/2019\/11\/0010-reportaje-despedida-soltera.jpg\" data-width=\"730\" data-height=\"485\" aria-label=\"\" role=\"img\" ><\/div>\n\t\t\t\t\t\t\t\t\t\t\t\t\t\t<\/a>\n\t\t\t\t\t\t\t<a class=\"e-gallery-item elementor-gallery-item elementor-animated-content\" href=\"https:\/\/isamolina.com\/wp-content\/uploads\/2019\/11\/0009-reportaje-despedida-soltera.jpg\" data-elementor-open-lightbox=\"yes\" data-elementor-lightbox-slideshow=\"bcffa92\" data-elementor-lightbox-title=\"0009-reportaje-despedida-soltera\" data-e-action-hash=\"#elementor-action%3Aaction%3Dlightbox%26settings%3DeyJpZCI6MzU2MSwidXJsIjoiaHR0cHM6XC9cL2lzYW1vbGluYS5jb21cL3dwLWNvbnRlbnRcL3VwbG9hZHNcLzIwMTlcLzExXC8wMDA5LXJlcG9ydGFqZS1kZXNwZWRpZGEtc29sdGVyYS5qcGciLCJzbGlkZXNob3ciOiJiY2ZmYTkyIn0%3D\">\n\t\t\t\t\t<div class=\"e-gallery-image elementor-gallery-item__image\" data-thumbnail=\"https:\/\/isamolina.com\/wp-content\/uploads\/2019\/11\/0009-reportaje-despedida-soltera.jpg\" data-width=\"730\" data-height=\"485\" aria-label=\"\" role=\"img\" ><\/div>\n\t\t\t\t\t\t\t\t\t\t\t\t\t\t<\/a>\n\t\t\t\t\t\t\t<a class=\"e-gallery-item elementor-gallery-item elementor-animated-content\" href=\"https:\/\/isamolina.com\/wp-content\/uploads\/2019\/11\/0008-reportaje-despedida-soltera.jpg\" data-elementor-open-lightbox=\"yes\" data-elementor-lightbox-slideshow=\"bcffa92\" data-elementor-lightbox-title=\"0008-reportaje-despedida-soltera\" data-e-action-hash=\"#elementor-action%3Aaction%3Dlightbox%26settings%3DeyJpZCI6MzU2MCwidXJsIjoiaHR0cHM6XC9cL2lzYW1vbGluYS5jb21cL3dwLWNvbnRlbnRcL3VwbG9hZHNcLzIwMTlcLzExXC8wMDA4LXJlcG9ydGFqZS1kZXNwZWRpZGEtc29sdGVyYS5qcGciLCJzbGlkZXNob3ciOiJiY2ZmYTkyIn0%3D\">\n\t\t\t\t\t<div class=\"e-gallery-image elementor-gallery-item__image\" data-thumbnail=\"https:\/\/isamolina.com\/wp-content\/uploads\/2019\/11\/0008-reportaje-despedida-soltera.jpg\" data-width=\"730\" data-height=\"485\" aria-label=\"\" role=\"img\" ><\/div>\n\t\t\t\t\t\t\t\t\t\t\t\t\t\t<\/a>\n\t\t\t\t\t\t\t<a class=\"e-gallery-item elementor-gallery-item elementor-animated-content\" href=\"https:\/\/isamolina.com\/wp-content\/uploads\/2019\/11\/0007-reportaje-despedida-soltera.jpg\" data-elementor-open-lightbox=\"yes\" data-elementor-lightbox-slideshow=\"bcffa92\" data-elementor-lightbox-title=\"0007-reportaje-despedida-soltera\" data-e-action-hash=\"#elementor-action%3Aaction%3Dlightbox%26settings%3DeyJpZCI6MzU1OSwidXJsIjoiaHR0cHM6XC9cL2lzYW1vbGluYS5jb21cL3dwLWNvbnRlbnRcL3VwbG9hZHNcLzIwMTlcLzExXC8wMDA3LXJlcG9ydGFqZS1kZXNwZWRpZGEtc29sdGVyYS5qcGciLCJzbGlkZXNob3ciOiJiY2ZmYTkyIn0%3D\">\n\t\t\t\t\t<div class=\"e-gallery-image elementor-gallery-item__image\" data-thumbnail=\"https:\/\/isamolina.com\/wp-content\/uploads\/2019\/11\/0007-reportaje-despedida-soltera.jpg\" data-width=\"730\" data-height=\"485\" aria-label=\"\" role=\"img\" ><\/div>\n\t\t\t\t\t\t\t\t\t\t\t\t\t\t<\/a>\n\t\t\t\t\t\t\t<a class=\"e-gallery-item elementor-gallery-item elementor-animated-content\" href=\"https:\/\/isamolina.com\/wp-content\/uploads\/2019\/11\/0006-reportaje-despedida-soltera.jpg\" data-elementor-open-lightbox=\"yes\" data-elementor-lightbox-slideshow=\"bcffa92\" data-elementor-lightbox-title=\"0006-reportaje-despedida-soltera\" data-e-action-hash=\"#elementor-action%3Aaction%3Dlightbox%26settings%3DeyJpZCI6MzU1OCwidXJsIjoiaHR0cHM6XC9cL2lzYW1vbGluYS5jb21cL3dwLWNvbnRlbnRcL3VwbG9hZHNcLzIwMTlcLzExXC8wMDA2LXJlcG9ydGFqZS1kZXNwZWRpZGEtc29sdGVyYS5qcGciLCJzbGlkZXNob3ciOiJiY2ZmYTkyIn0%3D\">\n\t\t\t\t\t<div class=\"e-gallery-image elementor-gallery-item__image\" data-thumbnail=\"https:\/\/isamolina.com\/wp-content\/uploads\/2019\/11\/0006-reportaje-despedida-soltera.jpg\" data-width=\"730\" data-height=\"485\" aria-label=\"\" role=\"img\" ><\/div>\n\t\t\t\t\t\t\t\t\t\t\t\t\t\t<\/a>\n\t\t\t\t\t\t\t<a class=\"e-gallery-item elementor-gallery-item elementor-animated-content\" href=\"https:\/\/isamolina.com\/wp-content\/uploads\/2019\/11\/0005-reportaje-despedida-soltera.jpg\" data-elementor-open-lightbox=\"yes\" data-elementor-lightbox-slideshow=\"bcffa92\" data-elementor-lightbox-title=\"0005-reportaje-despedida-soltera\" data-e-action-hash=\"#elementor-action%3Aaction%3Dlightbox%26settings%3DeyJpZCI6MzU1NywidXJsIjoiaHR0cHM6XC9cL2lzYW1vbGluYS5jb21cL3dwLWNvbnRlbnRcL3VwbG9hZHNcLzIwMTlcLzExXC8wMDA1LXJlcG9ydGFqZS1kZXNwZWRpZGEtc29sdGVyYS5qcGciLCJzbGlkZXNob3ciOiJiY2ZmYTkyIn0%3D\">\n\t\t\t\t\t<div class=\"e-gallery-image elementor-gallery-item__image\" data-thumbnail=\"https:\/\/isamolina.com\/wp-content\/uploads\/2019\/11\/0005-reportaje-despedida-soltera.jpg\" data-width=\"730\" data-height=\"485\" aria-label=\"\" role=\"img\" ><\/div>\n\t\t\t\t\t\t\t\t\t\t\t\t\t\t<\/a>\n\t\t\t\t\t\t\t<a class=\"e-gallery-item elementor-gallery-item elementor-animated-content\" href=\"https:\/\/isamolina.com\/wp-content\/uploads\/2019\/11\/0004-reportaje-despedida-soltera.jpg\" data-elementor-open-lightbox=\"yes\" data-elementor-lightbox-slideshow=\"bcffa92\" data-elementor-lightbox-title=\"0004-reportaje-despedida-soltera\" data-e-action-hash=\"#elementor-action%3Aaction%3Dlightbox%26settings%3DeyJpZCI6MzU1NiwidXJsIjoiaHR0cHM6XC9cL2lzYW1vbGluYS5jb21cL3dwLWNvbnRlbnRcL3VwbG9hZHNcLzIwMTlcLzExXC8wMDA0LXJlcG9ydGFqZS1kZXNwZWRpZGEtc29sdGVyYS5qcGciLCJzbGlkZXNob3ciOiJiY2ZmYTkyIn0%3D\">\n\t\t\t\t\t<div class=\"e-gallery-image elementor-gallery-item__image\" data-thumbnail=\"https:\/\/isamolina.com\/wp-content\/uploads\/2019\/11\/0004-reportaje-despedida-soltera.jpg\" data-width=\"730\" data-height=\"485\" aria-label=\"\" role=\"img\" ><\/div>\n\t\t\t\t\t\t\t\t\t\t\t\t\t\t<\/a>\n\t\t\t\t\t\t\t<a class=\"e-gallery-item elementor-gallery-item elementor-animated-content\" href=\"https:\/\/isamolina.com\/wp-content\/uploads\/2019\/11\/0003-reportaje-despedida-soltera.jpg\" data-elementor-open-lightbox=\"yes\" data-elementor-lightbox-slideshow=\"bcffa92\" data-elementor-lightbox-title=\"0003-reportaje-despedida-soltera\" data-e-action-hash=\"#elementor-action%3Aaction%3Dlightbox%26settings%3DeyJpZCI6MzU1NSwidXJsIjoiaHR0cHM6XC9cL2lzYW1vbGluYS5jb21cL3dwLWNvbnRlbnRcL3VwbG9hZHNcLzIwMTlcLzExXC8wMDAzLXJlcG9ydGFqZS1kZXNwZWRpZGEtc29sdGVyYS5qcGciLCJzbGlkZXNob3ciOiJiY2ZmYTkyIn0%3D\">\n\t\t\t\t\t<div class=\"e-gallery-image elementor-gallery-item__image\" data-thumbnail=\"https:\/\/isamolina.com\/wp-content\/uploads\/2019\/11\/0003-reportaje-despedida-soltera.jpg\" data-width=\"730\" data-height=\"485\" aria-label=\"\" role=\"img\" ><\/div>\n\t\t\t\t\t\t\t\t\t\t\t\t\t\t<\/a>\n\t\t\t\t\t\t\t<a class=\"e-gallery-item elementor-gallery-item elementor-animated-content\" href=\"https:\/\/isamolina.com\/wp-content\/uploads\/2019\/11\/0002-reportaje-despedida-soltera.jpg\" data-elementor-open-lightbox=\"yes\" data-elementor-lightbox-slideshow=\"bcffa92\" data-elementor-lightbox-title=\"0002-reportaje-despedida-soltera\" data-e-action-hash=\"#elementor-action%3Aaction%3Dlightbox%26settings%3DeyJpZCI6MzU1NCwidXJsIjoiaHR0cHM6XC9cL2lzYW1vbGluYS5jb21cL3dwLWNvbnRlbnRcL3VwbG9hZHNcLzIwMTlcLzExXC8wMDAyLXJlcG9ydGFqZS1kZXNwZWRpZGEtc29sdGVyYS5qcGciLCJzbGlkZXNob3ciOiJiY2ZmYTkyIn0%3D\">\n\t\t\t\t\t<div class=\"e-gallery-image elementor-gallery-item__image\" data-thumbnail=\"https:\/\/isamolina.com\/wp-content\/uploads\/2019\/11\/0002-reportaje-despedida-soltera.jpg\" data-width=\"730\" data-height=\"485\" aria-label=\"\" role=\"img\" ><\/div>\n\t\t\t\t\t\t\t\t\t\t\t\t\t\t<\/a>\n\t\t\t\t\t\t\t<a class=\"e-gallery-item elementor-gallery-item elementor-animated-content\" href=\"https:\/\/isamolina.com\/wp-content\/uploads\/2019\/11\/0001-reportaje-despedida-soltera.jpg\" data-elementor-open-lightbox=\"yes\" data-elementor-lightbox-slideshow=\"bcffa92\" data-elementor-lightbox-title=\"0001-reportaje-despedida-soltera\" data-e-action-hash=\"#elementor-action%3Aaction%3Dlightbox%26settings%3DeyJpZCI6MzU1MywidXJsIjoiaHR0cHM6XC9cL2lzYW1vbGluYS5jb21cL3dwLWNvbnRlbnRcL3VwbG9hZHNcLzIwMTlcLzExXC8wMDAxLXJlcG9ydGFqZS1kZXNwZWRpZGEtc29sdGVyYS5qcGciLCJzbGlkZXNob3ciOiJiY2ZmYTkyIn0%3D\">\n\t\t\t\t\t<div class=\"e-gallery-image elementor-gallery-item__image\" data-thumbnail=\"https:\/\/isamolina.com\/wp-content\/uploads\/2019\/11\/0001-reportaje-despedida-soltera.jpg\" data-width=\"730\" data-height=\"485\" aria-label=\"\" role=\"img\" ><\/div>\n\t\t\t\t\t\t\t\t\t\t\t\t\t\t<\/a>\n\t\t\t\t\t\t\t<a class=\"e-gallery-item elementor-gallery-item elementor-animated-content\" href=\"https:\/\/isamolina.com\/wp-content\/uploads\/2019\/11\/portada-despedida-soltera.jpg\" data-elementor-open-lightbox=\"yes\" data-elementor-lightbox-slideshow=\"bcffa92\" data-elementor-lightbox-title=\"portada-despedida soltera\" data-e-action-hash=\"#elementor-action%3Aaction%3Dlightbox%26settings%3DeyJpZCI6MzU1MiwidXJsIjoiaHR0cHM6XC9cL2lzYW1vbGluYS5jb21cL3dwLWNvbnRlbnRcL3VwbG9hZHNcLzIwMTlcLzExXC9wb3J0YWRhLWRlc3BlZGlkYS1zb2x0ZXJhLmpwZyIsInNsaWRlc2hvdyI6ImJjZmZhOTIifQ%3D%3D\">\n\t\t\t\t\t<div class=\"e-gallery-image elementor-gallery-item__image\" data-thumbnail=\"https:\/\/isamolina.com\/wp-content\/uploads\/2019\/11\/portada-despedida-soltera.jpg\" data-width=\"1400\" data-height=\"794\" aria-label=\"\" role=\"img\" ><\/div>\n\t\t\t\t\t\t\t\t\t\t\t\t\t\t<\/a>\n\t\t\t\t\t<\/div>\n\t\t\t\t\t<\/div>\n\t\t\t\t<\/div>\n\t\t\t\t\t<\/div>\n\t\t\t\t<\/div>\n\t\t\t\t<\/div>","protected":false},"excerpt":{"rendered":"<p>GALER\u00cdA Despedidas de soltera Hay muchas sorpresas que le pod\u00e9is hacer a una amiga en su despedida de soltera pero os aseguro que una sesi\u00f3n de fotos con sus amigas ser\u00e1 algo que no podr\u00e1 olvidar nunca y ser\u00e1 el mejor recuerdo de ese d\u00eda o ese fin de semana tan especial. Solicitar tarifas<\/p>","protected":false},"author":1,"featured_media":3552,"parent":0,"menu_order":0,"comment_status":"closed","ping_status":"closed","template":"elementor_header_footer","meta":{"iawp_total_views":0,"footnotes":""},"class_list":["post-3550","page","type-page","status-publish","has-post-thumbnail","hentry"],"_links":{"self":[{"href":"https:\/\/isamolina.com\/en\/wp-json\/wp\/v2\/pages\/3550","targetHints":{"allow":["GET"]}}],"collection":[{"href":"https:\/\/isamolina.com\/en\/wp-json\/wp\/v2\/pages"}],"about":[{"href":"https:\/\/isamolina.com\/en\/wp-json\/wp\/v2\/types\/page"}],"author":[{"embeddable":true,"href":"https:\/\/isamolina.com\/en\/wp-json\/wp\/v2\/users\/1"}],"replies":[{"embeddable":true,"href":"https:\/\/isamolina.com\/en\/wp-json\/wp\/v2\/comments?post=3550"}],"version-history":[{"count":0,"href":"https:\/\/isamolina.com\/en\/wp-json\/wp\/v2\/pages\/3550\/revisions"}],"wp:featuredmedia":[{"embeddable":true,"href":"https:\/\/isamolina.com\/en\/wp-json\/wp\/v2\/media\/3552"}],"wp:attachment":[{"href":"https:\/\/isamolina.com\/en\/wp-json\/wp\/v2\/media?parent=3550"}],"curies":[{"name":"wp","href":"https:\/\/api.w.org\/{rel}","templated":true}]}}