{"id":83,"date":"2018-07-05T18:54:40","date_gmt":"2018-07-05T17:54:40","guid":{"rendered":"https:\/\/isamolina.com\/?page_id=83"},"modified":"2025-01-17T08:55:54","modified_gmt":"2025-01-17T07:55:54","slug":"legal-notice","status":"publish","type":"page","link":"https:\/\/isamolina.com\/en\/legal-notice\/","title":{"rendered":"Legal Notice"},"content":{"rendered":"<h2><b>Website Owner and Responsibility<\/b><\/h2>\n<p><span style=\"font-weight: 400;\">The owner of the website<\/span> <a href=\"https:\/\/isamolina.com\/en\/\">https:\/\/www.isamolina.com<\/a><span style=\"font-weight: 400;\"> is Isabel Mar\u00eda Molina Velasco, with address for notification purposes at C\/ General Narv\u00e1ez, 1\u00aa Planta, 18002 Granada (Spain). To contact me, you can write to <\/span><a href=\"mailto:book@isamolina.com\"><span style=\"font-weight: 400;\">book@isamolina.com<\/span><\/a> <span style=\"font-weight: 400;\">Isabel Mar\u00eda Molina Velasco shall not be liable under any circumstances for any damages of any kind that may result from visiting this website, either by error or omission in the contents or by the transmission of any malicious program that occurs despite having taken the necessary technological measures to prevent it. Similarly, there shall be no liability for the contents of external websites that may be linked from this website.<\/span><\/p>\n<h2><b>Rules of use<\/b><\/h2>\n<p><span style=\"font-weight: 400;\">Visitors to this website must use the contents appropriately and respectfully. No content of this website may be used for illegal purposes, and\/or for uses contrary to good faith and public order.<\/span> <span style=\"font-weight: 400;\">The owner of the website reserves the right to delete comments contrary to these rules and will not be held responsible for the opinions that users may contribute.<\/span><\/p>\n<h2><b>Copyright<\/b><\/h2>\n<p><span style=\"font-weight: 400;\">The contents of this site are subject to copyright and intellectual property rights, of which Isabel Mar\u00eda Molina Velasco is the owner. These rights shall not be transferred or assigned without its prior, explicit and written consent. The contents of this site may not be reproduced, disseminated, sold, distributed or used for commercial or non-commercial purposes.<\/span> <span style=\"font-weight: 400;\">In particular, it is possible that some of the contents of this website belong to other authors, with whom the owner of the website has commercial and\/or cooperation agreements. There may also be contents whose use is permitted because at the time of inclusion they were free of rights and\/or authorised to do so.<\/span><\/p>\n<h2><b>Data Protection<\/b><\/h2>\n<p><span style=\"font-weight: 400;\">This website complies with current legislation on data protection (Organic Law 15\/1999 of 13 December on the Protection of Personal Data, Royal Decree 1720\/2007 of 21 December approving the Regulations for the development of the Organic Law and other current legislation). For more information about the privacy policy, please visit this link: <a href=\"\/en\/privacy-policy\/\" target=\"_blank\" rel=\"noopener\">Privacy Policy<\/a>.<\/span><\/p>\n<h2><b>Cookie Policy<\/b><\/h2>\n<p><span style=\"font-weight: 400;\">This website uses cookies to improve its usability. More information on this link: <a href=\"\/en\/cookie-policy\/\" target=\"_blank\" rel=\"noopener\">Cookie Policy<\/a>.<\/span> <b>Applicable Law and Jurisdiction:<\/b> <span style=\"font-weight: 400;\">The legal conditions of this website have been drawn up in accordance with Spanish legislation. In case of conflict in the interpretation of these conditions, the competent jurisdiction will be for all purposes of the Courts of Granada (Spain).<\/span><\/p>\n<h2><b>Updating the content of the Legal Notice<\/b><\/h2>\n<p><span style=\"font-weight: 400;\">This Legal Notice may be modified at any time, according to the evolution of the website and the contents offered here.<\/span><\/p>","protected":false},"excerpt":{"rendered":"<p>Titular del Sitio Web y Responsabilidad La propietaria del sitio web https:\/\/www.isamolina.com es Isabel Mar\u00eda Molina Velasco, con domicilio a efectos de notificaciones en C\/ General Narv\u00e1ez, 1\u00aa Planta, 18002 Granada (Espa\u00f1a). Para contactar, puedes escribirme a book@isamolina.com Isabel Mar\u00eda Molina Velasco no ser\u00e1 responsable en ning\u00fan caso de los posibles da\u00f1os y perjuicios cualquier [&hellip;]<\/p>\n","protected":false},"author":1,"featured_media":563,"parent":0,"menu_order":0,"comment_status":"closed","ping_status":"closed","template":"","meta":{"iawp_total_views":27,"footnotes":""},"class_list":["post-83","page","type-page","status-publish","has-post-thumbnail","hentry"],"_links":{"self":[{"href":"https:\/\/isamolina.com\/en\/wp-json\/wp\/v2\/pages\/83","targetHints":{"allow":["GET"]}}],"collection":[{"href":"https:\/\/isamolina.com\/en\/wp-json\/wp\/v2\/pages"}],"about":[{"href":"https:\/\/isamolina.com\/en\/wp-json\/wp\/v2\/types\/page"}],"author":[{"embeddable":true,"href":"https:\/\/isamolina.com\/en\/wp-json\/wp\/v2\/users\/1"}],"replies":[{"embeddable":true,"href":"https:\/\/isamolina.com\/en\/wp-json\/wp\/v2\/comments?post=83"}],"version-history":[{"count":0,"href":"https:\/\/isamolina.com\/en\/wp-json\/wp\/v2\/pages\/83\/revisions"}],"wp:featuredmedia":[{"embeddable":true,"href":"https:\/\/isamolina.com\/en\/wp-json\/wp\/v2\/media\/563"}],"wp:attachment":[{"href":"https:\/\/isamolina.com\/en\/wp-json\/wp\/v2\/media?parent=83"}],"curies":[{"name":"wp","href":"https:\/\/api.w.org\/{rel}","templated":true}]}}